{"id":3347,"date":"2021-09-01T14:34:37","date_gmt":"2021-09-01T17:34:37","guid":{"rendered":"https:\/\/www.deeptech.com.br\/training-form\/"},"modified":"2021-09-02T10:17:24","modified_gmt":"2021-09-02T13:17:24","slug":"training-form","status":"publish","type":"page","link":"https:\/\/www.deeptech.com.br\/en\/training-form\/","title":{"rendered":"Training Form"},"content":{"rendered":"\n\n                            <h2>Training Form<\/h2>\n                        <form method='post' enctype='multipart\/form-data' target='gform_ajax_frame_2' id='gform_2'  action='\/deeptech\/en\/?page_id=3347&#038;fl_builder#gf_2'>\n                        <label class='gfield_label' for='input_2_1'>Company or Requester?(Required)<\/label><select name='input_1' id='input_2_1' class='large gfield_select' tabindex='100'   aria-required=\"true\" aria-invalid=\"false\"><option value='Empresa'>Empresa<\/option><option value='Requester'>Requester<\/option><\/select><h3>Company<\/h3><label class='gfield_label' for='input_2_3'>Name(Required)<\/label><input name='input_3' id='input_2_3' type='text' value='' class='large'   tabindex='101'  aria-required=\"true\" aria-invalid=\"false\"   \/> <label class='gfield_label' for='input_2_5'>Inscription(Required)<\/label><input name='input_5' id='input_2_5' type='text'    value='' class='large' tabindex='102'    aria-required=\"true\" aria-invalid=\"false\"  \/><label class='gfield_label' for='input_2_4'>Address(Required)<\/label><input name='input_4' id='input_2_4' type='text' value='' class='large'   tabindex='103'  aria-required=\"true\" aria-invalid=\"false\"   \/> <label class='gfield_label' for='input_2_8'>ZIP<\/label><input name='input_8' id='input_2_8' type='text'    value='' class='large' tabindex='104'     aria-invalid=\"false\"  \/><label class='gfield_label' for='input_2_6'>State(Required)<\/label><select name='input_6' id='input_2_6' class='large gfield_select' tabindex='105'   aria-required=\"true\" aria-invalid=\"false\"><option value='Acre (AC)'>Acre (AC)<\/option><option value='Alagoas (AL)'>Alagoas (AL)<\/option><option value='Amap\u00e1 (AP)'>Amap\u00e1 (AP)<\/option><option value='Amazonas (AM)'>Amazonas (AM)<\/option><option value='Bahia (BA)'>Bahia (BA)<\/option><option value='Cear\u00e1 (CE)'>Cear\u00e1 (CE)<\/option><option value='Distrito Federal (DF)'>Distrito Federal (DF)<\/option><option value='Esp\u00edrito Santo (ES)'>Esp\u00edrito Santo (ES)<\/option><option value='Goi\u00e1s (GO)'>Goi\u00e1s (GO)<\/option><option value='Maranh\u00e3o (MA)'>Maranh\u00e3o (MA)<\/option><option value='Mato Grosso (MT)'>Mato Grosso (MT)<\/option><option value='Mato Grosso do Sul (MS)'>Mato Grosso do Sul (MS)<\/option><option value='Minas Gerais (MG)'>Minas Gerais (MG)<\/option><option value='Par\u00e1 (PA)'>Par\u00e1 (PA)<\/option><option value='Para\u00edba (PB)'>Para\u00edba (PB)<\/option><option value='Paran\u00e1 (PR)'>Paran\u00e1 (PR)<\/option><option value='Pernambuco (PE)'>Pernambuco (PE)<\/option><option value='Piau\u00ed (PI)'>Piau\u00ed (PI)<\/option><option value='Rio de Janeiro (RJ)'>Rio de Janeiro (RJ)<\/option><option value='Rio Grande do Norte (RN)'>Rio Grande do Norte (RN)<\/option><option value='Rio Grande do Sul (RS)'>Rio Grande do Sul (RS)<\/option><option value='Rond\u00f4nia (RO)'>Rond\u00f4nia (RO)<\/option><option value='Roraima (RR)'>Roraima (RR)<\/option><option value='Santa Catarina (SC)'>Santa Catarina (SC)<\/option><option value='S\u00e3o Paulo (SP)'>S\u00e3o Paulo (SP)<\/option><option value='Sergipe (SE)'>Sergipe (SE)<\/option><option value='Tocantins (TO)'>Tocantins (TO)<\/option><option value='Outro'>Outro<\/option><\/select><label class='gfield_label' for='input_2_7'>Country(Required)<\/label><select name='input_7' id='input_2_7' class='large gfield_select' tabindex='106'   aria-required=\"true\" aria-invalid=\"false\"><option value='Brasil'>Brasil<\/option><option value='Portugal'>Portugal<\/option><option value='Angola'>Angola<\/option><option value='Mo\u00e7ambique'>Mo\u00e7ambique<\/option><option value='Cabo Verde'>Cabo Verde<\/option><option value='Outros'>Outros<\/option><\/select><h3>Requester<\/h3><label class='gfield_label' for='input_2_11'>Name(Required)<\/label><input name='input_11' id='input_2_11' type='text' value='' class='large'   tabindex='107'  aria-required=\"true\" aria-invalid=\"false\"   \/> <label class='gfield_label' for='input_2_13'>E-mail(Required)<\/label>\n                            <input name='input_13' id='input_2_13' type='text' value='' class='large' tabindex='108'   aria-required=\"true\" aria-invalid=\"false\"  \/>\n                        <label class='gfield_label' for='input_2_14'>Telephony(Required)<\/label><input name='input_14' id='input_2_14' type='text' value='' class='large' tabindex='109'  aria-required=\"true\" aria-invalid=\"false\"   \/><label class='gfield_label' for='input_2_15'>Celular(Required)<\/label><input name='input_15' id='input_2_15' type='text' value='' class='large' tabindex='110'  aria-required=\"true\" aria-invalid=\"false\"   \/><label class='gfield_label' for='input_2_10'>Company(Required)<\/label><input name='input_10' id='input_2_10' type='text' value='' class='large'   tabindex='111'  aria-required=\"true\" aria-invalid=\"false\"   \/> <label class='gfield_label' for='input_2_12'>Job role(Required)<\/label><input name='input_12' id='input_2_12' type='text' value='' class='large'   tabindex='112'  aria-required=\"true\" aria-invalid=\"false\"   \/> <h3>Treinamento<\/h3><label class='gfield_label' for='input_2_17'>Scope(Required)<\/label><select name='input_17' id='input_2_17' class='large gfield_select' tabindex='113'   aria-required=\"true\" aria-invalid=\"false\"><option value='Leadership'>Leadership<\/option><option value='Direct Sales'>Direct Sales<\/option><option value='Indirect Sales'>Indirect Sales<\/option><option value='Marketing'>Marketing<\/option><option value='Strategy'>Strategy<\/option><option value='Finance'>Finance<\/option><option value='Technology'>Technology<\/option><option value='Processes and Controls'>Processes and Controls<\/option><option value='Product Management'>Product Management<\/option><\/select><label class='gfield_label' for='input_2_18'>Delivery mode(Required)<\/label><select name='input_18' id='input_2_18' class='large gfield_select' tabindex='114'   aria-required=\"true\" aria-invalid=\"false\"><option value='face-to-face'>face-to-face<\/option><option value='Remote'>Remote<\/option><\/select><label class='gfield_label' for='input_2_19'>People quantity(Required)<\/label><input name='input_19' id='input_2_19' type='text'    value='' class='large' tabindex='115'    aria-required=\"true\" aria-invalid=\"false\"  \/><label class='gfield_label' for='input_2_20'>Places quantity(Required)<\/label><input name='input_20' id='input_2_20' type='text'    value='' class='large' tabindex='116'    aria-required=\"true\" aria-invalid=\"false\"  \/><label class='gfield_label' for='input_2_21'>Description(Required)<\/label><textarea name='input_21' id='input_2_21' class='textarea large' tabindex='117'    aria-required=\"true\" aria-invalid=\"false\"   rows='10' cols='50'><\/textarea>\n         <input type='submit' id='gform_submit_button_2' class='gform_button button' value='Enviar' tabindex='118' onclick='if(window[\"gf_submitting_2\"]){return false;}  window[\"gf_submitting_2\"]=true;  ' onkeypress='if( event.keyCode == 13 ){ if(window[\"gf_submitting_2\"]){return false;} window[\"gf_submitting_2\"]=true;  jQuery(\"#gform_2\").trigger(\"submit\",[true]); }' \/> <input type='hidden' name='gform_ajax' value='form_id=2&amp;title=1&amp;description=&amp;tabindex=100' \/>\n            <input type='hidden' class='gform_hidden' name='is_submit_2' value='1' \/>\n            <input type='hidden' class='gform_hidden' name='gform_submit' value='2' \/>\n            <input type='hidden' class='gform_hidden' name='gform_unique_id' value='' \/>\n            <input type='hidden' class='gform_hidden' name='state_2' value='WyJbXSIsIjIyM2ZhOTVhMDY0ZjEzYzI3MTEyM2UxN2ZmYTE1M2UzIl0=' \/>\n            <input type='hidden' class='gform_hidden' name='gform_target_page_number_2' id='gform_target_page_number_2' value='0' \/>\n            <input type='hidden' class='gform_hidden' name='gform_source_page_number_2' id='gform_source_page_number_2' value='1' \/>\n            <input type='hidden' name='gform_field_values' value='' \/>\n                        <\/form>\n                <iframe style='display:none;width:0px;height:0px;' src='about:blank' name='gform_ajax_frame_2' id='gform_ajax_frame_2' title='This iframe contains the logic required to handle Ajax powered Gravity Forms.'><\/iframe>\n\n","protected":false},"excerpt":{"rendered":"<p>Training Form Company or Requester?(Required)EmpresaRequester Company Name(Required) Inscription(Required)Address(Required) ZIPState(Required)Acre (AC)Alagoas (AL)Amap\u00e1 (AP)Amazonas (AM)Bahia (BA)Cear\u00e1 (CE)Distrito Federal (DF)Esp\u00edrito Santo (ES)Goi\u00e1s (GO)Maranh\u00e3o (MA)Mato Grosso (MT)Mato Grosso do Sul (MS)Minas Gerais (MG)Par\u00e1 (PA)Para\u00edba (PB)Paran\u00e1 (PR)Pernambuco (PE)Piau\u00ed (PI)Rio de Janeiro (RJ)Rio Grande do Norte (RN)Rio Grande do Sul (RS)Rond\u00f4nia (RO)Roraima (RR)Santa Catarina (SC)S\u00e3o Paulo (SP)Sergipe (SE)Tocantins (TO)OutroCountry(Required)BrasilPortugalAngolaMo\u00e7ambiqueCabo VerdeOutros Requester&hellip;<\/p>\n","protected":false},"author":1,"featured_media":0,"parent":0,"menu_order":0,"comment_status":"closed","ping_status":"closed","template":"","meta":{"footnotes":""},"class_list":["post-3347","page","type-page","status-publish","hentry"],"_links":{"self":[{"href":"https:\/\/www.deeptech.com.br\/en\/wp-json\/wp\/v2\/pages\/3347","targetHints":{"allow":["GET"]}}],"collection":[{"href":"https:\/\/www.deeptech.com.br\/en\/wp-json\/wp\/v2\/pages"}],"about":[{"href":"https:\/\/www.deeptech.com.br\/en\/wp-json\/wp\/v2\/types\/page"}],"author":[{"embeddable":true,"href":"https:\/\/www.deeptech.com.br\/en\/wp-json\/wp\/v2\/users\/1"}],"replies":[{"embeddable":true,"href":"https:\/\/www.deeptech.com.br\/en\/wp-json\/wp\/v2\/comments?post=3347"}],"version-history":[{"count":2,"href":"https:\/\/www.deeptech.com.br\/en\/wp-json\/wp\/v2\/pages\/3347\/revisions"}],"predecessor-version":[{"id":3356,"href":"https:\/\/www.deeptech.com.br\/en\/wp-json\/wp\/v2\/pages\/3347\/revisions\/3356"}],"wp:attachment":[{"href":"https:\/\/www.deeptech.com.br\/en\/wp-json\/wp\/v2\/media?parent=3347"}],"curies":[{"name":"wp","href":"https:\/\/api.w.org\/{rel}","templated":true}]}}