{"id":3394,"date":"2021-09-06T14:16:13","date_gmt":"2021-09-06T17:16:13","guid":{"rendered":"https:\/\/www.deeptech.com.br\/consultancy-form\/"},"modified":"2021-09-08T16:12:35","modified_gmt":"2021-09-08T19:12:35","slug":"consultancy-form","status":"publish","type":"page","link":"https:\/\/www.deeptech.com.br\/en\/consultancy-form\/","title":{"rendered":"Consultancy Form"},"content":{"rendered":"\n\n                            <h2>Consultancy Form<\/h2>\n                        <form method='post' enctype='multipart\/form-data' target='gform_ajax_frame_5' id='gform_5'  action='\/deeptech\/en\/?page_id=3394&#038;fl_builder#gf_5'>\n                        <h3>Company<\/h3><label class='gfield_label' for='input_5_3'>Name(Required)<\/label><input name='input_3' id='input_5_3' type='text' value='' class='large'   tabindex='100'  aria-required=\"true\" aria-invalid=\"false\"   \/> <label class='gfield_label' for='input_5_5'>Inscription(Required)<\/label><input name='input_5' id='input_5_5' type='text'    value='' class='large' tabindex='101'    aria-required=\"true\" aria-invalid=\"false\"  \/><label class='gfield_label' for='input_5_4'>Address(Required)<\/label><input name='input_4' id='input_5_4' type='text' value='' class='large'   tabindex='102'  aria-required=\"true\" aria-invalid=\"false\"   \/> <label class='gfield_label' for='input_5_8'>ZIP<\/label><input name='input_8' id='input_5_8' type='text'    value='' class='large' tabindex='103'     aria-invalid=\"false\"  \/><label class='gfield_label' for='input_5_6'>State(Required)<\/label><select name='input_6' id='input_5_6' class='large gfield_select' tabindex='104'   aria-required=\"true\" aria-invalid=\"false\"><option value='Acre (AC)'>Acre (AC)<\/option><option value='Alagoas (AL)'>Alagoas (AL)<\/option><option value='Amap\u00e1 (AP)'>Amap\u00e1 (AP)<\/option><option value='Amazonas (AM)'>Amazonas (AM)<\/option><option value='Bahia (BA)'>Bahia (BA)<\/option><option value='Cear\u00e1 (CE)'>Cear\u00e1 (CE)<\/option><option value='Distrito Federal (DF)'>Distrito Federal (DF)<\/option><option value='Esp\u00edrito Santo (ES)'>Esp\u00edrito Santo (ES)<\/option><option value='Goi\u00e1s (GO)'>Goi\u00e1s (GO)<\/option><option value='Maranh\u00e3o (MA)'>Maranh\u00e3o (MA)<\/option><option value='Mato Grosso (MT)'>Mato Grosso (MT)<\/option><option value='Mato Grosso do Sul (MS)'>Mato Grosso do Sul (MS)<\/option><option value='Minas Gerais (MG)'>Minas Gerais (MG)<\/option><option value='Par\u00e1 (PA)'>Par\u00e1 (PA)<\/option><option value='Para\u00edba (PB)'>Para\u00edba (PB)<\/option><option value='Paran\u00e1 (PR)'>Paran\u00e1 (PR)<\/option><option value='Pernambuco (PE)'>Pernambuco (PE)<\/option><option value='Piau\u00ed (PI)'>Piau\u00ed (PI)<\/option><option value='Rio de Janeiro (RJ)'>Rio de Janeiro (RJ)<\/option><option value='Rio Grande do Norte (RN)'>Rio Grande do Norte (RN)<\/option><option value='Rio Grande do Sul (RS)'>Rio Grande do Sul (RS)<\/option><option value='Rond\u00f4nia (RO)'>Rond\u00f4nia (RO)<\/option><option value='Roraima (RR)'>Roraima (RR)<\/option><option value='Santa Catarina (SC)'>Santa Catarina (SC)<\/option><option value='S\u00e3o Paulo (SP)'>S\u00e3o Paulo (SP)<\/option><option value='Sergipe (SE)'>Sergipe (SE)<\/option><option value='Tocantins (TO)'>Tocantins (TO)<\/option><option value='Outro'>Outro<\/option><\/select><label class='gfield_label' for='input_5_7'>Country(Required)<\/label><select name='input_7' id='input_5_7' class='large gfield_select' tabindex='105'   aria-required=\"true\" aria-invalid=\"false\"><option value='Brasil'>Brasil<\/option><option value='Portugal'>Portugal<\/option><option value='Angola'>Angola<\/option><option value='Mo\u00e7ambique'>Mo\u00e7ambique<\/option><option value='Cabo Verde'>Cabo Verde<\/option><option value='Outros'>Outros<\/option><\/select><h3>Requester<\/h3><label class='gfield_label' for='input_5_11'>Name(Required)<\/label><input name='input_11' id='input_5_11' type='text' value='' class='large'   tabindex='106'  aria-required=\"true\" aria-invalid=\"false\"   \/> <label class='gfield_label' for='input_5_13'>E-mail(Required)<\/label>\n                            <input name='input_13' id='input_5_13' type='text' value='' class='large' tabindex='107'   aria-required=\"true\" aria-invalid=\"false\"  \/>\n                        <label class='gfield_label' for='input_5_14'>Telephony(Required)<\/label><input name='input_14' id='input_5_14' type='text' value='' class='large' tabindex='108'  aria-required=\"true\" aria-invalid=\"false\"   \/><label class='gfield_label' for='input_5_15'>Celular(Required)<\/label><input name='input_15' id='input_5_15' type='text' value='' class='large' tabindex='109'  aria-required=\"true\" aria-invalid=\"false\"   \/><label class='gfield_label' for='input_5_10'>Company(Required)<\/label><input name='input_10' id='input_5_10' type='text' value='' class='large'   tabindex='110'  aria-required=\"true\" aria-invalid=\"false\"   \/> <label class='gfield_label' for='input_5_12'>Job role(Required)<\/label><input name='input_12' id='input_5_12' type='text' value='' class='large'   tabindex='111'  aria-required=\"true\" aria-invalid=\"false\"   \/> <h3>Consultancy<\/h3><label class='gfield_label' for='input_5_22'>Type of consultancy(Required)<\/label><select name='input_22' id='input_5_22' class='large gfield_select' tabindex='112'   aria-required=\"true\" aria-invalid=\"false\"><option value='1'>FROM SHELF<\/option><option value='2'>ON DEMAND<\/option><\/select><label class='gfield_label' for='input_5_17'>Scope(Required)<\/label><select name='input_17' id='input_5_17' class='large gfield_select' tabindex='113'   aria-required=\"true\" aria-invalid=\"false\"><option value='Identifying the problem'>Identifying the problem<\/option><option value='market analysis'>market analysis<\/option><\/select><label class='gfield_label' for='input_5_24'>Scope(Required)<\/label><select name='input_24' id='input_5_24' class='large gfield_select' tabindex='114'   aria-required=\"true\" aria-invalid=\"false\"><option value='Product \/ Service Management'>Product \/ Service Management<\/option><option value='Sales Management'>Sales Management<\/option><option value='Processes and Controls Review'>Processes and Controls Review<\/option><\/select><label class='gfield_label' for='input_5_18'>Delivery mode(Required)<\/label><select name='input_18' id='input_5_18' class='large gfield_select' tabindex='115'   aria-required=\"true\" aria-invalid=\"false\"><option value='Remote'>Remote<\/option><\/select><label class='gfield_label' for='input_5_25'>Contact format(Required)<\/label><select name='input_25' id='input_5_25' class='large gfield_select' tabindex='116'   aria-required=\"true\" aria-invalid=\"false\"><option value='E-mail'>E-mail<\/option><option value='WhatsApp'>WhatsApp<\/option><option value='ZOOM \/ Face Time \/ Teams'>ZOOM \/ Face Time \/ Teams<\/option><\/select><label class='gfield_label' for='input_5_26'>Date(Required)<\/label>\n                            <input name='input_26' id='input_5_26' type='text' value='' class='datepicker dmy datepicker_no_icon gdatepicker-no-icon' tabindex='117'  placeholder='dd\/mm\/yyyy' aria-describedby=\"input_5_26_date_format\" aria-invalid=\"false\" aria-required=\"true\"\/>\n                            DD slash MM slash YYYY\n                        <input type='hidden' id='gforms_calendar_icon_input_5_26' class='gform_hidden' value='https:\/\/www.deeptech.com.br\/wp-content\/plugins\/gravityforms\/images\/datepicker\/datepicker.svg'\/><fieldset id=\"field_5_27\"><legend class='gfield_label gfield_label_before_complex'>Time(Required)<\/legend>\n                            <input type='text' maxlength='2' name='input_27[]' id='input_5_27_1' value='' tabindex='118'   placeholder='HH' aria-required='true'   \/> \n                            <label class='hour_label screen-reader-text' for='input_5_27_1'>Hours<\/label>\n                        :\n                            <input type='text' maxlength='2' name='input_27[]' id='input_5_27_2' value='' tabindex='119'   placeholder='MM' aria-required='true'  \/>\n                            <label class='minute_label screen-reader-text' for='input_5_27_2'>Minutes<\/label>\n                    <\/fieldset><label class='gfield_label' for='input_5_21'>Description(Required)<\/label><textarea name='input_21' id='input_5_21' class='textarea large' tabindex='121'    aria-required=\"true\" aria-invalid=\"false\"   rows='10' cols='50'><\/textarea>\n         <input type='submit' id='gform_submit_button_5' class='gform_button button' value='Enviar' tabindex='122' onclick='if(window[\"gf_submitting_5\"]){return false;}  window[\"gf_submitting_5\"]=true;  ' onkeypress='if( event.keyCode == 13 ){ if(window[\"gf_submitting_5\"]){return false;} window[\"gf_submitting_5\"]=true;  jQuery(\"#gform_5\").trigger(\"submit\",[true]); }' \/> <input type='hidden' name='gform_ajax' value='form_id=5&amp;title=1&amp;description=&amp;tabindex=100' \/>\n            <input type='hidden' class='gform_hidden' name='is_submit_5' value='1' \/>\n            <input type='hidden' class='gform_hidden' name='gform_submit' value='5' \/>\n            <input type='hidden' class='gform_hidden' name='gform_unique_id' value='' \/>\n            <input type='hidden' class='gform_hidden' name='state_5' value='WyJbXSIsIjIyM2ZhOTVhMDY0ZjEzYzI3MTEyM2UxN2ZmYTE1M2UzIl0=' \/>\n            <input type='hidden' class='gform_hidden' name='gform_target_page_number_5' id='gform_target_page_number_5' value='0' \/>\n            <input type='hidden' class='gform_hidden' name='gform_source_page_number_5' id='gform_source_page_number_5' value='1' \/>\n            <input type='hidden' name='gform_field_values' value='' \/>\n                        <\/form>\n                <iframe style='display:none;width:0px;height:0px;' src='about:blank' name='gform_ajax_frame_5' id='gform_ajax_frame_5' title='This iframe contains the logic required to handle Ajax powered Gravity Forms.'><\/iframe>\n\n","protected":false},"excerpt":{"rendered":"<p>Consultancy Form Company Name(Required) Inscription(Required)Address(Required) ZIPState(Required)Acre (AC)Alagoas (AL)Amap\u00e1 (AP)Amazonas (AM)Bahia (BA)Cear\u00e1 (CE)Distrito Federal (DF)Esp\u00edrito Santo (ES)Goi\u00e1s (GO)Maranh\u00e3o (MA)Mato Grosso (MT)Mato Grosso do Sul (MS)Minas Gerais (MG)Par\u00e1 (PA)Para\u00edba (PB)Paran\u00e1 (PR)Pernambuco (PE)Piau\u00ed (PI)Rio de Janeiro (RJ)Rio Grande do Norte (RN)Rio Grande do Sul (RS)Rond\u00f4nia (RO)Roraima (RR)Santa Catarina (SC)S\u00e3o Paulo (SP)Sergipe (SE)Tocantins (TO)OutroCountry(Required)BrasilPortugalAngolaMo\u00e7ambiqueCabo VerdeOutros Requester Name(Required) E-mail(Required) Telephony(Required)Celular(Required)Company(Required)&hellip;<\/p>\n","protected":false},"author":1,"featured_media":0,"parent":0,"menu_order":0,"comment_status":"closed","ping_status":"closed","template":"","meta":{"footnotes":""},"class_list":["post-3394","page","type-page","status-publish","hentry"],"_links":{"self":[{"href":"https:\/\/www.deeptech.com.br\/en\/wp-json\/wp\/v2\/pages\/3394","targetHints":{"allow":["GET"]}}],"collection":[{"href":"https:\/\/www.deeptech.com.br\/en\/wp-json\/wp\/v2\/pages"}],"about":[{"href":"https:\/\/www.deeptech.com.br\/en\/wp-json\/wp\/v2\/types\/page"}],"author":[{"embeddable":true,"href":"https:\/\/www.deeptech.com.br\/en\/wp-json\/wp\/v2\/users\/1"}],"replies":[{"embeddable":true,"href":"https:\/\/www.deeptech.com.br\/en\/wp-json\/wp\/v2\/comments?post=3394"}],"version-history":[{"count":2,"href":"https:\/\/www.deeptech.com.br\/en\/wp-json\/wp\/v2\/pages\/3394\/revisions"}],"predecessor-version":[{"id":3417,"href":"https:\/\/www.deeptech.com.br\/en\/wp-json\/wp\/v2\/pages\/3394\/revisions\/3417"}],"wp:attachment":[{"href":"https:\/\/www.deeptech.com.br\/en\/wp-json\/wp\/v2\/media?parent=3394"}],"curies":[{"name":"wp","href":"https:\/\/api.w.org\/{rel}","templated":true}]}}