{"id":3190,"date":"2020-08-24T11:32:57","date_gmt":"2020-08-24T14:32:57","guid":{"rendered":"https:\/\/www.deeptech.com.br\/home\/"},"modified":"2022-07-04T11:23:30","modified_gmt":"2022-07-04T14:23:30","slug":"home","status":"publish","type":"page","link":"https:\/\/www.deeptech.com.br\/es\/","title":{"rendered":"P\u00e1gina de Inicio"},"content":{"rendered":"\n\n\t\t\t<h3>Experiencias, satisfacci\u00f3n y resultados a tu medida<\/h3>\t\t\t\n\t<h6>\n\t\t\t\tPeque\u00f1a\n\t\t\t<\/h6>\n\t\t\t\t<img loading=\"lazy\" decoding=\"async\" src=\"https:\/\/www.deeptech.com.br\/wp-content\/uploads\/2021\/09\/pequenas.jpg\" alt=\"pequenas\" itemprop=\"image\" height=\"251\" width=\"331\" title=\"pequenas\" onerror=\"this.style.display='none'\"  \/>\n\t<h6>\n\t\t\t\tPromedios\n\t\t\t<\/h6>\n\t\t\t\t<img loading=\"lazy\" decoding=\"async\" src=\"https:\/\/www.deeptech.com.br\/wp-content\/uploads\/2021\/09\/medias.jpg\" alt=\"medias\" itemprop=\"image\" height=\"251\" width=\"331\" title=\"medias\" onerror=\"this.style.display='none'\"  \/>\n\t<h6>\n\t\t\t\tGrandes\n\t\t\t<\/h6>\n\t\t\t\t<img loading=\"lazy\" decoding=\"async\" src=\"https:\/\/www.deeptech.com.br\/wp-content\/uploads\/2021\/09\/grandes.jpg\" alt=\"grandes\" itemprop=\"image\" height=\"251\" width=\"331\" title=\"grandes\" onerror=\"this.style.display='none'\"  \/>\n\t\t\t<h2>Nuestros servicios<\/h2><h6>A la medida de las necesidades de su empresa<\/h6>\t\t\t\n\t\t\t\t<img loading=\"lazy\" decoding=\"async\" src=\"https:\/\/www.deeptech.com.br\/wp-content\/uploads\/2021\/08\/consultoria-2.jpg\" alt=\"consultoria-2\" itemprop=\"image\" height=\"667\" width=\"1000\" title=\"consultoria-2\" onerror=\"this.style.display='none'\"  \/>\n\t\t\t<h3>Consultor\u00eda<\/h3>\t\t\t\n\t\t\t\t<p>Entendemos los servicios de consultor\u00eda como uno de los m\u00e1s desafiantes, tanto para el proveedor como para el cliente. Nuestra experiencia, como proveedor y contratista de servicios de consultor\u00eda, nos permiti\u00f3 identificar las principales frustraciones a la hora de contratar servicios de consultor\u00eda:<\/p>\n<ul>\n<li>&#8220;Receta de pastel, lejos de la realidad&#8221;<\/li>\n<li>&#8220;No escuches, solo habla&#8221;<\/li>\n<li>&#8220;Pago caro y env\u00edo a un profesional junior&#8221;<\/li>\n<li>&#8220;Todo lo que propon\u00edan ya lo sab\u00eda&#8221;<\/li>\n<li>&#8220;No satisfacen las necesidades de la empresa&#8221;<\/li>\n<\/ul>\n<p>Nuestra metodolog\u00eda se enfoca en la realidad del cliente, las limitaciones actuales, las metas futuras y el alcance requerido.<\/p>\n<p>Trabajamos con servicios de consultor\u00eda pagados por el logro de metas.<\/p>\n\t\t\t<h3>Capacitaci\u00f3n<\/h3>\t\t\t\n\t\t\t\t<p>Nuestras capacitaciones se desarrollan en conjunto con nuestros clientes. Una formaci\u00f3n siempre tiene varios objetivos a cumplir, como por ejemplo:<\/p>\n<ul>\n<li>Ecualizaci\u00f3n de conocimientos<\/li>\n<li>Estandarizaci\u00f3n<\/li>\n<li>Cultura<\/li>\n<li>Procesos y procedimientos<\/li>\n<li>Legislaci\u00f3n<\/li>\n<\/ul>\n<p>Desarrollamos la formaci\u00f3n con el enfoque necesario para lograr las metas definidas por el cliente.<\/p>\n\t\t\t\t<img loading=\"lazy\" decoding=\"async\" src=\"https:\/\/www.deeptech.com.br\/wp-content\/uploads\/2021\/08\/evangeline-shaw-xRlI-L-kvrw-unsplash.jpg\" alt=\"evangeline-shaw-xRlI-L-kvrw-unsplash\" itemprop=\"image\" height=\"1013\" width=\"1520\" title=\"evangeline-shaw-xRlI-L-kvrw-unsplash\" onerror=\"this.style.display='none'\"  \/>\n\t\t\t\t<img loading=\"lazy\" decoding=\"async\" src=\"https:\/\/www.deeptech.com.br\/wp-content\/uploads\/2021\/08\/crop-hand-writing-notebook-near-computer.jpg\" alt=\"crop-hand-writing-notebook-near-computer\" itemprop=\"image\" height=\"667\" width=\"1000\" title=\"crop-hand-writing-notebook-near-computer\" onerror=\"this.style.display='none'\"  \/>\n\t\t\t<h3>Aprendizaje a distancia<\/h3>\t\t\t\n\t\t\t\t<p>El aprendizaje a distancia es una herramienta poderosa para compartir conocimientos y experiencias. Nuestra plataforma est\u00e1 disponible para la comunidad profesional y empresarial que quiera ense\u00f1ar y compartir experiencias. Como caracter\u00edsticas principales, nuestra plataforma de educaci\u00f3n a distancia incluye:<\/p>\n<ul>\n<li>Certificado de finalizaci\u00f3n<\/li>\n<li>Prueba, busca y prueba<\/li>\n<li>Tiempo m\u00ednimo de clase<\/li>\n<li>Definici\u00f3n de requisitos previos<\/li>\n<li>Via de pago<\/li>\n<li>Capacitaci\u00f3n gratuita<\/li>\n<li>Varios cursos en un paquete<\/li>\n<\/ul>\n<p>Le ayudaremos a crear la formaci\u00f3n y a ponerla a disposici\u00f3n en nuestra plataforma.<\/p>\n\n","protected":false},"excerpt":{"rendered":"<p>Experiencias, satisfacci\u00f3n y resultados a tu medida Peque\u00f1a Promedios Grandes Nuestros servicios A la medida de las necesidades de su empresa Consultor\u00eda Entendemos los servicios de consultor\u00eda como uno de los m\u00e1s desafiantes, tanto para el proveedor como para el cliente. Nuestra experiencia, como proveedor y contratista de servicios de consultor\u00eda, nos permiti\u00f3 identificar las&hellip;<\/p>\n","protected":false},"author":1,"featured_media":0,"parent":0,"menu_order":0,"comment_status":"closed","ping_status":"closed","template":"","meta":{"footnotes":""},"class_list":["post-3190","page","type-page","status-publish","hentry"],"_links":{"self":[{"href":"https:\/\/www.deeptech.com.br\/es\/wp-json\/wp\/v2\/pages\/3190","targetHints":{"allow":["GET"]}}],"collection":[{"href":"https:\/\/www.deeptech.com.br\/es\/wp-json\/wp\/v2\/pages"}],"about":[{"href":"https:\/\/www.deeptech.com.br\/es\/wp-json\/wp\/v2\/types\/page"}],"author":[{"embeddable":true,"href":"https:\/\/www.deeptech.com.br\/es\/wp-json\/wp\/v2\/users\/1"}],"replies":[{"embeddable":true,"href":"https:\/\/www.deeptech.com.br\/es\/wp-json\/wp\/v2\/comments?post=3190"}],"version-history":[{"count":6,"href":"https:\/\/www.deeptech.com.br\/es\/wp-json\/wp\/v2\/pages\/3190\/revisions"}],"predecessor-version":[{"id":4362,"href":"https:\/\/www.deeptech.com.br\/es\/wp-json\/wp\/v2\/pages\/3190\/revisions\/4362"}],"wp:attachment":[{"href":"https:\/\/www.deeptech.com.br\/es\/wp-json\/wp\/v2\/media?parent=3190"}],"curies":[{"name":"wp","href":"https:\/\/api.w.org\/{rel}","templated":true}]}}