{"id":3272,"date":"2021-08-09T10:57:09","date_gmt":"2021-08-09T13:57:09","guid":{"rendered":"https:\/\/www.deeptech.com.br\/quienes-somos\/"},"modified":"2021-09-24T10:28:00","modified_gmt":"2021-09-24T13:28:00","slug":"quienes-somos","status":"publish","type":"page","link":"https:\/\/www.deeptech.com.br\/es\/quienes-somos\/","title":{"rendered":"Quienes somos"},"content":{"rendered":"\n<h1>\n\t\tQuienes somos\n\t<\/h1>\n\t\t<h2>Nuestra historia<\/h2>\n\t\t\t<p>DeepTech fue creada en 2004 con el objetivo de satisfacer una demanda de servicios de asesor\u00eda para la venta de soluciones de software de gesti\u00f3n de TI.Durante este per\u00edodo, se brind\u00f3 capacitaci\u00f3n a varias corporaciones. Estas capacitaciones expandieron el \u00e1rea de operaci\u00f3n de DeepTech m\u00e1s all\u00e1 de la Tecnolog\u00eda de la Informaci\u00f3n, como: Ventas, Marketing y Administraci\u00f3n.Entre 2005 y 2019, nos dedicamos a un n\u00famero limitado de corporaciones, brindando siempre servicios innovadores y de calidad.En diciembre de 2019, iniciamos la reorganizaci\u00f3n de la empresa con el objetivo de servir al mercado en su conjunto.En 2020 iniciamos un nuevo proyecto empresarial: Informal Digital. Centrado en B2C.En agosto de 2021, iniciamos un nuevo ciclo econ\u00f3mico con la creaci\u00f3n de los servicios EAD (aprendizaje a distancia).<\/p>\t\t\n\t\t\t\t<img loading=\"lazy\" decoding=\"async\" src=\"https:\/\/www.deeptech.com.br\/wp-content\/uploads\/2021\/08\/mexendo-no-computador.jpg\" alt=\"mexendo-no-computador\" itemprop=\"image\" height=\"960\" width=\"1440\" title=\"mexendo-no-computador\" onerror=\"this.style.display='none'\"  \/>\n\t\t\t\t<img loading=\"lazy\" decoding=\"async\" src=\"https:\/\/www.deeptech.com.br\/wp-content\/uploads\/2021\/08\/trato-feito2.jpg\" alt=\"trato-feito2\" itemprop=\"image\" height=\"1602\" width=\"2400\" title=\"trato-feito2\" onerror=\"this.style.display='none'\"  \/>\n\t\t<h2>Quienes somos<\/h2>\n\t\t\t<p>DeepTech es una empresa formada por profesionales con probada experiencia en el mercado brasile\u00f1o e internacional. Entre nuestros colaboradores, contamos con profesionales de grado y posgrado en Tecnolog\u00edas de la Informaci\u00f3n, Administraci\u00f3n de Empresas, Marketing, Ventas, Finanzas y Legal.Nuestro mayor valor es la satisfacci\u00f3n de nuestros clientes, as\u00ed como la pasi\u00f3n por el conocimiento, la innovaci\u00f3n y la superaci\u00f3n de objetivos.Creemos en la educaci\u00f3n y capacitaci\u00f3n constante como una forma de aumentar la eficiencia y efectividad operativa, adem\u00e1s de crear una ventaja competitiva.Nuestros servicios se basan en las mejores pr\u00e1cticas, reglas y regulaciones, pero personalizados e individualizados seg\u00fan las necesidades de nuestros clientes.Trabajamos activamente en la comunidad profesional, compartiendo conocimientos, experiencias y estudios, siempre con el objetivo de crear una comunidad de alto conocimiento pr\u00e1ctico y objetivo.<\/p>\t\t\n\n","protected":false},"excerpt":{"rendered":"<p>Quienes somos Nuestra historia DeepTech fue creada en 2004 con el objetivo de satisfacer una demanda de servicios de asesor\u00eda para la venta de soluciones de software de gesti\u00f3n de TI.Durante este per\u00edodo, se brind\u00f3 capacitaci\u00f3n a varias corporaciones. Estas capacitaciones expandieron el \u00e1rea de operaci\u00f3n de DeepTech m\u00e1s all\u00e1 de la Tecnolog\u00eda de la&hellip;<\/p>\n","protected":false},"author":1,"featured_media":0,"parent":0,"menu_order":0,"comment_status":"closed","ping_status":"closed","template":"","meta":{"footnotes":""},"class_list":["post-3272","page","type-page","status-publish","hentry"],"_links":{"self":[{"href":"https:\/\/www.deeptech.com.br\/es\/wp-json\/wp\/v2\/pages\/3272","targetHints":{"allow":["GET"]}}],"collection":[{"href":"https:\/\/www.deeptech.com.br\/es\/wp-json\/wp\/v2\/pages"}],"about":[{"href":"https:\/\/www.deeptech.com.br\/es\/wp-json\/wp\/v2\/types\/page"}],"author":[{"embeddable":true,"href":"https:\/\/www.deeptech.com.br\/es\/wp-json\/wp\/v2\/users\/1"}],"replies":[{"embeddable":true,"href":"https:\/\/www.deeptech.com.br\/es\/wp-json\/wp\/v2\/comments?post=3272"}],"version-history":[{"count":2,"href":"https:\/\/www.deeptech.com.br\/es\/wp-json\/wp\/v2\/pages\/3272\/revisions"}],"predecessor-version":[{"id":3655,"href":"https:\/\/www.deeptech.com.br\/es\/wp-json\/wp\/v2\/pages\/3272\/revisions\/3655"}],"wp:attachment":[{"href":"https:\/\/www.deeptech.com.br\/es\/wp-json\/wp\/v2\/media?parent=3272"}],"curies":[{"name":"wp","href":"https:\/\/api.w.org\/{rel}","templated":true}]}}