{"id":3349,"date":"2021-09-01T14:34:37","date_gmt":"2021-09-01T17:34:37","guid":{"rendered":"https:\/\/www.deeptech.com.br\/formulario-de-formacion\/"},"modified":"2022-07-01T10:13:06","modified_gmt":"2022-07-01T13:13:06","slug":"formulario-para-formacion","status":"publish","type":"page","link":"https:\/\/www.deeptech.com.br\/es\/formulario-para-formacion\/","title":{"rendered":"Formulario para Formaci\u00f3n"},"content":{"rendered":"\n\n                            <h2>Formulario para Formaci\u00f3n<\/h2>\n                        <form method='post' enctype='multipart\/form-data' target='gform_ajax_frame_3' id='gform_3'  action='\/deeptech\/es\/?page_id=3349&#038;fl_builder#gf_3'>\n                        <h3>Empresa<\/h3><label class='gfield_label' for='input_3_3'>Nombre(Obligatorio)<\/label><input name='input_3' id='input_3_3' type='text' value='' class='large'   tabindex='100'  aria-required=\"true\" aria-invalid=\"false\"   \/> <label class='gfield_label' for='input_3_5'>Suscripci\u00f3n(Obligatorio)<\/label><input name='input_5' id='input_3_5' type='text'    value='' class='large' tabindex='101'    aria-required=\"true\" aria-invalid=\"false\"  \/><label class='gfield_label' for='input_3_4'>Direcci\u00f3n(Obligatorio)<\/label><input name='input_4' id='input_3_4' type='text' value='' class='large'   tabindex='102'  aria-required=\"true\" aria-invalid=\"false\"   \/> <label class='gfield_label' for='input_3_8'>C\u00f3digo Postal<\/label><input name='input_8' id='input_3_8' type='text'    value='' class='large' tabindex='103'     aria-invalid=\"false\"  \/><label class='gfield_label' for='input_3_6'>Estado(Obligatorio)<\/label><select name='input_6' id='input_3_6' class='large gfield_select' tabindex='104'   aria-required=\"true\" aria-invalid=\"false\"><option value='Acre (AC)'>Acre (AC)<\/option><option value='Alagoas (AL)'>Alagoas (AL)<\/option><option value='Amap\u00e1 (AP)'>Amap\u00e1 (AP)<\/option><option value='Amazonas (AM)'>Amazonas (AM)<\/option><option value='Bahia (BA)'>Bahia (BA)<\/option><option value='Cear\u00e1 (CE)'>Cear\u00e1 (CE)<\/option><option value='Distrito Federal (DF)'>Distrito Federal (DF)<\/option><option value='Esp\u00edrito Santo (ES)'>Esp\u00edrito Santo (ES)<\/option><option value='Goi\u00e1s (GO)'>Goi\u00e1s (GO)<\/option><option value='Maranh\u00e3o (MA)'>Maranh\u00e3o (MA)<\/option><option value='Mato Grosso (MT)'>Mato Grosso (MT)<\/option><option value='Mato Grosso do Sul (MS)'>Mato Grosso do Sul (MS)<\/option><option value='Minas Gerais (MG)'>Minas Gerais (MG)<\/option><option value='Par\u00e1 (PA)'>Par\u00e1 (PA)<\/option><option value='Para\u00edba (PB)'>Para\u00edba (PB)<\/option><option value='Paran\u00e1 (PR)'>Paran\u00e1 (PR)<\/option><option value='Pernambuco (PE)'>Pernambuco (PE)<\/option><option value='Piau\u00ed (PI)'>Piau\u00ed (PI)<\/option><option value='Rio de Janeiro (RJ)'>Rio de Janeiro (RJ)<\/option><option value='Rio Grande do Norte (RN)'>Rio Grande do Norte (RN)<\/option><option value='Rio Grande do Sul (RS)'>Rio Grande do Sul (RS)<\/option><option value='Rond\u00f4nia (RO)'>Rond\u00f4nia (RO)<\/option><option value='Roraima (RR)'>Roraima (RR)<\/option><option value='Santa Catarina (SC)'>Santa Catarina (SC)<\/option><option value='S\u00e3o Paulo (SP)'>S\u00e3o Paulo (SP)<\/option><option value='Sergipe (SE)'>Sergipe (SE)<\/option><option value='Tocantins (TO)'>Tocantins (TO)<\/option><option value='Outro'>Outro<\/option><\/select><label class='gfield_label' for='input_3_7'>Pa\u00eds(Obligatorio)<\/label><select name='input_7' id='input_3_7' class='large gfield_select' tabindex='105'   aria-required=\"true\" aria-invalid=\"false\"><option value='Brasil'>Brasil<\/option><option value='Portugal'>Portugal<\/option><option value='Angola'>Angola<\/option><option value='Mo\u00e7ambique'>Mo\u00e7ambique<\/option><option value='Cabo Verde'>Cabo Verde<\/option><option value='Outros'>Outros<\/option><\/select><h3>Solicitante<\/h3><label class='gfield_label' for='input_3_11'>Nombre(Obligatorio)<\/label><input name='input_11' id='input_3_11' type='text' value='' class='large'   tabindex='106'  aria-required=\"true\" aria-invalid=\"false\"   \/> <label class='gfield_label' for='input_3_13'>E-mail(Obligatorio)<\/label>\n                            <input name='input_13' id='input_3_13' type='text' value='' class='large' tabindex='107'   aria-required=\"true\" aria-invalid=\"false\"  \/>\n                        <label class='gfield_label' for='input_3_14'>Tel\u00e9fono(Obligatorio)<\/label><input name='input_14' id='input_3_14' type='text' value='' class='large' tabindex='108'  aria-required=\"true\" aria-invalid=\"false\"   \/><label class='gfield_label' for='input_3_15'>Celular(Obligatorio)<\/label><input name='input_15' id='input_3_15' type='text' value='' class='large' tabindex='109'  aria-required=\"true\" aria-invalid=\"false\"   \/><label class='gfield_label' for='input_3_10'>Empresa(Obligatorio)<\/label><input name='input_10' id='input_3_10' type='text' value='' class='large'   tabindex='110'  aria-required=\"true\" aria-invalid=\"false\"   \/> <label class='gfield_label' for='input_3_12'>Puesto de trabajo(Obligatorio)<\/label><input name='input_12' id='input_3_12' type='text' value='' class='large'   tabindex='111'  aria-required=\"true\" aria-invalid=\"false\"   \/> <h3>Capacitaci\u00f3n<\/h3><label class='gfield_label' for='input_3_17'>Objetivo(Obligatorio)<\/label><select name='input_17' id='input_3_17' class='large gfield_select' tabindex='112'   aria-required=\"true\" aria-invalid=\"false\"><option value='Liderazgo'>Liderazgo<\/option><option value='Ventas Directas'>Ventas Directas<\/option><option value='Ventas Indirectas'>Ventas Indirectas<\/option><option value='Marketing'>Marketing<\/option><option value='Estrategia'>Estrategia<\/option><option value='Finanzas'>Finanzas<\/option><option value='Tecnolog\u00eda'>Tecnolog\u00eda<\/option><option value='Procesos y Controles'>Procesos y Controles<\/option><option value='Gesti\u00f3n de productos'>Gesti\u00f3n de productos<\/option><\/select><label class='gfield_label' for='input_3_18'>Modo de entrega(Obligatorio)<\/label><select name='input_18' id='input_3_18' class='large gfield_select' tabindex='113'   aria-required=\"true\" aria-invalid=\"false\"><option value='Presencial'>Presencial<\/option><option value='Remoto'>Remoto<\/option><\/select><label class='gfield_label' for='input_3_19'>Candidad de personas(Obligatorio)<\/label><input name='input_19' id='input_3_19' type='text'    value='' class='large' tabindex='114'    aria-required=\"true\" aria-invalid=\"false\"  \/><label class='gfield_label' for='input_3_20'>Candidad de lugares(Obligatorio)<\/label><input name='input_20' id='input_3_20' type='text'    value='' class='large' tabindex='115'    aria-required=\"true\" aria-invalid=\"false\"  \/><label class='gfield_label' for='input_3_21'>Descripci\u00f3n(Obligatorio)<\/label><textarea name='input_21' id='input_3_21' class='textarea large' tabindex='116'    aria-required=\"true\" aria-invalid=\"false\"   rows='10' cols='50'><\/textarea><fieldset id=\"field_3_22\"   data-js-reload=\"field_3_22\"><legend class='gfield_label gfield_label_before_complex'>Consentir(Obligatorio)<\/legend><input name='input_22.1' id='input_3_22_1' type='checkbox' value='1' tabindex='117'  aria-required=\"true\" aria-invalid=\"false\"   \/> <label for='input_3_22_1'>Estoy de acuerdo con la <a href=\"https:\/\/www.deeptech.com.br\/es\/politica-de-privacidad\/\">Pol\u00edtica de Privacidad<\/a><\/label>(Obligatorio)<input type='hidden' name='input_22.2' value='Estoy de acuerdo con la &lt;a href=&quot;https:\/\/www.deeptech.com.br\/es\/politica-de-privacidad\/&quot;&gt;Pol\u00edtica de Privacidad&lt;\/a&gt;' class='gform_hidden' \/><input type='hidden' name='input_22.3' value='7' class='gform_hidden' \/><\/fieldset>\n         <input type='submit' id='gform_submit_button_3' class='gform_button button' value='Enviar' tabindex='118' onclick='if(window[\"gf_submitting_3\"]){return false;}  window[\"gf_submitting_3\"]=true;  ' onkeypress='if( event.keyCode == 13 ){ if(window[\"gf_submitting_3\"]){return false;} window[\"gf_submitting_3\"]=true;  jQuery(\"#gform_3\").trigger(\"submit\",[true]); }' \/> <input type='hidden' name='gform_ajax' value='form_id=3&amp;title=1&amp;description=&amp;tabindex=100' \/>\n            <input type='hidden' class='gform_hidden' name='is_submit_3' value='1' \/>\n            <input type='hidden' class='gform_hidden' name='gform_submit' value='3' \/>\n            <input type='hidden' class='gform_hidden' name='gform_unique_id' value='' \/>\n            <input type='hidden' class='gform_hidden' name='state_3' value='WyJ7XCIyMi4xXCI6XCIzNzIyYTZmOTRkZjkxNmFjMzVkOTkzZDAxOTAyZjhmZlwiLFwiMjIuMlwiOlwiZDE5NDdlZDU4YmMyMjE5Y2RlODk2ZTk5MmEzYWZiYThcIixcIjIyLjNcIjpcImVhOTI5ZTU5NWIzYjNlNGI0NjUyNDAzN2MwOTE5NTEwXCJ9IiwiMzZmN2I1NWI0YTY0OTRjYzY4MWZmYmQxOTE0ZWNhYWYiXQ==' \/>\n            <input type='hidden' class='gform_hidden' name='gform_target_page_number_3' id='gform_target_page_number_3' value='0' \/>\n            <input type='hidden' class='gform_hidden' name='gform_source_page_number_3' id='gform_source_page_number_3' value='1' \/>\n            <input type='hidden' name='gform_field_values' value='' \/>\n                        <\/form>\n                <iframe style='display:none;width:0px;height:0px;' src='about:blank' name='gform_ajax_frame_3' id='gform_ajax_frame_3' title='Este iframe contiene la l\u00f3gica necesaria para gestionar formularios con ajax activado.'><\/iframe>\n\n","protected":false},"excerpt":{"rendered":"<p>Formulario para Formaci\u00f3n Empresa Nombre(Obligatorio) Suscripci\u00f3n(Obligatorio)Direcci\u00f3n(Obligatorio) C\u00f3digo PostalEstado(Obligatorio)Acre (AC)Alagoas (AL)Amap\u00e1 (AP)Amazonas (AM)Bahia (BA)Cear\u00e1 (CE)Distrito Federal (DF)Esp\u00edrito Santo (ES)Goi\u00e1s (GO)Maranh\u00e3o (MA)Mato Grosso (MT)Mato Grosso do Sul (MS)Minas Gerais (MG)Par\u00e1 (PA)Para\u00edba (PB)Paran\u00e1 (PR)Pernambuco (PE)Piau\u00ed (PI)Rio de Janeiro (RJ)Rio Grande do Norte (RN)Rio Grande do Sul (RS)Rond\u00f4nia (RO)Roraima (RR)Santa Catarina (SC)S\u00e3o Paulo (SP)Sergipe (SE)Tocantins (TO)OutroPa\u00eds(Obligatorio)BrasilPortugalAngolaMo\u00e7ambiqueCabo VerdeOutros Solicitante Nombre(Obligatorio)&hellip;<\/p>\n","protected":false},"author":1,"featured_media":0,"parent":0,"menu_order":0,"comment_status":"closed","ping_status":"closed","template":"","meta":{"footnotes":""},"class_list":["post-3349","page","type-page","status-publish","hentry"],"_links":{"self":[{"href":"https:\/\/www.deeptech.com.br\/es\/wp-json\/wp\/v2\/pages\/3349","targetHints":{"allow":["GET"]}}],"collection":[{"href":"https:\/\/www.deeptech.com.br\/es\/wp-json\/wp\/v2\/pages"}],"about":[{"href":"https:\/\/www.deeptech.com.br\/es\/wp-json\/wp\/v2\/types\/page"}],"author":[{"embeddable":true,"href":"https:\/\/www.deeptech.com.br\/es\/wp-json\/wp\/v2\/users\/1"}],"replies":[{"embeddable":true,"href":"https:\/\/www.deeptech.com.br\/es\/wp-json\/wp\/v2\/comments?post=3349"}],"version-history":[{"count":6,"href":"https:\/\/www.deeptech.com.br\/es\/wp-json\/wp\/v2\/pages\/3349\/revisions"}],"predecessor-version":[{"id":4340,"href":"https:\/\/www.deeptech.com.br\/es\/wp-json\/wp\/v2\/pages\/3349\/revisions\/4340"}],"wp:attachment":[{"href":"https:\/\/www.deeptech.com.br\/es\/wp-json\/wp\/v2\/media?parent=3349"}],"curies":[{"name":"wp","href":"https:\/\/api.w.org\/{rel}","templated":true}]}}