{"id":3354,"date":"2021-09-02T10:05:31","date_gmt":"2021-09-02T13:05:31","guid":{"rendered":"https:\/\/www.deeptech.com.br\/asistencia\/"},"modified":"2021-09-09T09:28:53","modified_gmt":"2021-09-09T12:28:53","slug":"asistencia","status":"publish","type":"page","link":"https:\/\/www.deeptech.com.br\/es\/asistencia\/","title":{"rendered":"Asistencia"},"content":{"rendered":"\n<h1>\n\t\t\u00c9xito sostenible\n\t<\/h1>\n\t\t<h4><\/h4>\n\t\t\t<p>La prestaci\u00f3n de un servicio de consultor\u00eda requiere un conocimiento de la escena local, regional, nacional e internacional. Los mercados y las econom\u00edas est\u00e1n conectados globalmente. Con la evoluci\u00f3n tecnol\u00f3gica, las acciones y reacciones resuenan casi a la velocidad de la luz. DeepTech cree en soluciones personalizadas, que satisfagan las necesidades de su empresa, considerando las din\u00e1micas regionales, nacionales y globales. Por lo tanto, cada solicitud de nuestros clientes se trata como una necesidad \u00fanica, que requiere un an\u00e1lisis integral. Creemos que cualquier problema tiene una causa ra\u00edz. Es por eso que siempre aconsejamos a nuestros clientes que comiencen con nuestros servicios de an\u00e1lisis.<\/p>\t\t\n\t\t<h2>Nuestras Consultor\u00edas<\/h2>\n\t\t<h3><u>De la estanter\u00eda<\/u><\/h3>\n\t\t\tAc\u00e9rquese al 100% de forma remota y digital. Estas consultor\u00edas no incluyen reingenier\u00eda de procesos ni acciones correctivas. El pago se basa en un precio fijo y adicional por resultado.\t\t\n\t\t\t\t<img decoding=\"async\" src=\"https:\/\/www.deeptech.com.br\/wp-content\/uploads\/2021\/09\/Imagem1.png\" alt=\"Imagem1\" title=\"Imagem1\" itemprop=\"image\"  \/>\n\t\t<h5>Identificando el problema<\/h5>\n\t\t\t\t\t\n\t\t<h5>An\u00e1lisis de Mercado<\/h5>\n\t\t\t\t\t\n\t\t\t\t<img decoding=\"async\" src=\"https:\/\/www.deeptech.com.br\/wp-content\/uploads\/2021\/09\/Imagem2.png\" alt=\"Imagem2\" title=\"Imagem2\" itemprop=\"image\"  \/>\n\t\t\t<a href=\"https:\/\/www.deeptech.com.br\/es\/formulario-para-consultoria\/?tipo=1\" target=\"_self\" role=\"button\" aria-label=\"Solicitar Contacto\" rel=\"noopener\">\n\t\t\t\t\t\t\tSolicitar Contacto\n\t\t<\/a>\n\t\t<h3><u>Bajo demanda<\/u><\/h3>\n\t\t\t<p>Podemos personalizar la consultor\u00eda que mejor se adapte a sus necesidades y al modelo de trabajo deseado (a distancia y\/o presencial).<\/p>\t\t\n\t\t\t\t<img decoding=\"async\" src=\"https:\/\/www.deeptech.com.br\/wp-content\/uploads\/2021\/09\/prateleira.jpg\" alt=\"prateleira\" title=\"prateleira\" itemprop=\"image\"  \/>\n\t\t<h5>Gesti\u00f3n de productos\/servicios<\/h5>\n\t\t\t\t\t\n\t\t<h5>Gesti\u00f3n de ventas<\/h5>\n\t\t\t\t\t\n\t\t\t\t<img decoding=\"async\" src=\"https:\/\/www.deeptech.com.br\/wp-content\/uploads\/2021\/09\/gerencia-de-vendas.jpg\" alt=\"gerencia-de-vendas\" title=\"gerencia-de-vendas\" itemprop=\"image\"  \/>\n\t\t\t\t<img decoding=\"async\" src=\"https:\/\/www.deeptech.com.br\/wp-content\/uploads\/2021\/09\/revisao.jpg\" alt=\"revisao\" title=\"revisao\" itemprop=\"image\"  \/>\n\t\t<h5>Revisi\u00f3n de procesos y controles<\/h5>\n\t\t\t\t\t\n\t\t\t<a href=\"https:\/\/www.deeptech.com.br\/es\/formulario-para-consultoria\/?tipo=2\" target=\"_self\" role=\"button\" aria-label=\"Solicitar Contacto\" rel=\"noopener\">\n\t\t\t\t\t\t\tSolicitar Contacto\n\t\t<\/a>\n\n","protected":false},"excerpt":{"rendered":"<p>\u00c9xito sostenible La prestaci\u00f3n de un servicio de consultor\u00eda requiere un conocimiento de la escena local, regional, nacional e internacional. Los mercados y las econom\u00edas est\u00e1n conectados globalmente. Con la evoluci\u00f3n tecnol\u00f3gica, las acciones y reacciones resuenan casi a la velocidad de la luz. DeepTech cree en soluciones personalizadas, que satisfagan las necesidades de su&hellip;<\/p>\n","protected":false},"author":1,"featured_media":0,"parent":0,"menu_order":0,"comment_status":"closed","ping_status":"closed","template":"","meta":{"footnotes":""},"class_list":["post-3354","page","type-page","status-publish","hentry"],"_links":{"self":[{"href":"https:\/\/www.deeptech.com.br\/es\/wp-json\/wp\/v2\/pages\/3354","targetHints":{"allow":["GET"]}}],"collection":[{"href":"https:\/\/www.deeptech.com.br\/es\/wp-json\/wp\/v2\/pages"}],"about":[{"href":"https:\/\/www.deeptech.com.br\/es\/wp-json\/wp\/v2\/types\/page"}],"author":[{"embeddable":true,"href":"https:\/\/www.deeptech.com.br\/es\/wp-json\/wp\/v2\/users\/1"}],"replies":[{"embeddable":true,"href":"https:\/\/www.deeptech.com.br\/es\/wp-json\/wp\/v2\/comments?post=3354"}],"version-history":[{"count":4,"href":"https:\/\/www.deeptech.com.br\/es\/wp-json\/wp\/v2\/pages\/3354\/revisions"}],"predecessor-version":[{"id":3446,"href":"https:\/\/www.deeptech.com.br\/es\/wp-json\/wp\/v2\/pages\/3354\/revisions\/3446"}],"wp:attachment":[{"href":"https:\/\/www.deeptech.com.br\/es\/wp-json\/wp\/v2\/media?parent=3354"}],"curies":[{"name":"wp","href":"https:\/\/api.w.org\/{rel}","templated":true}]}}