{"id":3396,"date":"2021-09-06T14:26:25","date_gmt":"2021-09-06T17:26:25","guid":{"rendered":"https:\/\/www.deeptech.com.br\/formulario-de-consultoria\/"},"modified":"2021-09-08T16:19:52","modified_gmt":"2021-09-08T19:19:52","slug":"formulario-para-consultoria","status":"publish","type":"page","link":"https:\/\/www.deeptech.com.br\/es\/formulario-para-consultoria\/","title":{"rendered":"Formulario para Consultor\u00eda"},"content":{"rendered":"\n\n                            <h2>Formulario para Consultor\u00eda<\/h2>\n                        <form method='post' enctype='multipart\/form-data' target='gform_ajax_frame_6' id='gform_6'  action='\/deeptech\/es\/?page_id=3396&#038;fl_builder#gf_6'>\n                        <h3>Empresa<\/h3><label class='gfield_label' for='input_6_3'>Nombre(Obligatorio)<\/label><input name='input_3' id='input_6_3' type='text' value='' class='large'   tabindex='100'  aria-required=\"true\" aria-invalid=\"false\"   \/> <label class='gfield_label' for='input_6_5'>Suscripci\u00f3n(Obligatorio)<\/label><input name='input_5' id='input_6_5' type='text'    value='' class='large' tabindex='101'    aria-required=\"true\" aria-invalid=\"false\"  \/><label class='gfield_label' for='input_6_4'>Direcci\u00f3n(Obligatorio)<\/label><input name='input_4' id='input_6_4' type='text' value='' class='large'   tabindex='102'  aria-required=\"true\" aria-invalid=\"false\"   \/> <label class='gfield_label' for='input_6_8'>C\u00f3digo Postal<\/label><input name='input_8' id='input_6_8' type='text'    value='' class='large' tabindex='103'     aria-invalid=\"false\"  \/><label class='gfield_label' for='input_6_6'>Estado(Obligatorio)<\/label><select name='input_6' id='input_6_6' class='large gfield_select' tabindex='104'   aria-required=\"true\" aria-invalid=\"false\"><option value='Acre (AC)'>Acre (AC)<\/option><option value='Alagoas (AL)'>Alagoas (AL)<\/option><option value='Amap\u00e1 (AP)'>Amap\u00e1 (AP)<\/option><option value='Amazonas (AM)'>Amazonas (AM)<\/option><option value='Bahia (BA)'>Bahia (BA)<\/option><option value='Cear\u00e1 (CE)'>Cear\u00e1 (CE)<\/option><option value='Distrito Federal (DF)'>Distrito Federal (DF)<\/option><option value='Esp\u00edrito Santo (ES)'>Esp\u00edrito Santo (ES)<\/option><option value='Goi\u00e1s (GO)'>Goi\u00e1s (GO)<\/option><option value='Maranh\u00e3o (MA)'>Maranh\u00e3o (MA)<\/option><option value='Mato Grosso (MT)'>Mato Grosso (MT)<\/option><option value='Mato Grosso do Sul (MS)'>Mato Grosso do Sul (MS)<\/option><option value='Minas Gerais (MG)'>Minas Gerais (MG)<\/option><option value='Par\u00e1 (PA)'>Par\u00e1 (PA)<\/option><option value='Para\u00edba (PB)'>Para\u00edba (PB)<\/option><option value='Paran\u00e1 (PR)'>Paran\u00e1 (PR)<\/option><option value='Pernambuco (PE)'>Pernambuco (PE)<\/option><option value='Piau\u00ed (PI)'>Piau\u00ed (PI)<\/option><option value='Rio de Janeiro (RJ)'>Rio de Janeiro (RJ)<\/option><option value='Rio Grande do Norte (RN)'>Rio Grande do Norte (RN)<\/option><option value='Rio Grande do Sul (RS)'>Rio Grande do Sul (RS)<\/option><option value='Rond\u00f4nia (RO)'>Rond\u00f4nia (RO)<\/option><option value='Roraima (RR)'>Roraima (RR)<\/option><option value='Santa Catarina (SC)'>Santa Catarina (SC)<\/option><option value='S\u00e3o Paulo (SP)'>S\u00e3o Paulo (SP)<\/option><option value='Sergipe (SE)'>Sergipe (SE)<\/option><option value='Tocantins (TO)'>Tocantins (TO)<\/option><option value='Outro'>Outro<\/option><\/select><label class='gfield_label' for='input_6_7'>Pa\u00eds(Obligatorio)<\/label><select name='input_7' id='input_6_7' class='large gfield_select' tabindex='105'   aria-required=\"true\" aria-invalid=\"false\"><option value='Brasil'>Brasil<\/option><option value='Portugal'>Portugal<\/option><option value='Angola'>Angola<\/option><option value='Mo\u00e7ambique'>Mo\u00e7ambique<\/option><option value='Cabo Verde'>Cabo Verde<\/option><option value='Outros'>Outros<\/option><\/select><h3>Solicitante<\/h3><label class='gfield_label' for='input_6_11'>Nombre(Obligatorio)<\/label><input name='input_11' id='input_6_11' type='text' value='' class='large'   tabindex='106'  aria-required=\"true\" aria-invalid=\"false\"   \/> <label class='gfield_label' for='input_6_13'>E-mail(Obligatorio)<\/label>\n                            <input name='input_13' id='input_6_13' type='text' value='' class='large' tabindex='107'   aria-required=\"true\" aria-invalid=\"false\"  \/>\n                        <label class='gfield_label' for='input_6_14'>Tel\u00e9fono(Obligatorio)<\/label><input name='input_14' id='input_6_14' type='text' value='' class='large' tabindex='108'  aria-required=\"true\" aria-invalid=\"false\"   \/><label class='gfield_label' for='input_6_15'>Celular(Obligatorio)<\/label><input name='input_15' id='input_6_15' type='text' value='' class='large' tabindex='109'  aria-required=\"true\" aria-invalid=\"false\"   \/><label class='gfield_label' for='input_6_10'>Empresa(Obligatorio)<\/label><input name='input_10' id='input_6_10' type='text' value='' class='large'   tabindex='110'  aria-required=\"true\" aria-invalid=\"false\"   \/> <label class='gfield_label' for='input_6_12'>Puesto de trabajo(Obligatorio)<\/label><input name='input_12' id='input_6_12' type='text' value='' class='large'   tabindex='111'  aria-required=\"true\" aria-invalid=\"false\"   \/> <h3>Consultor\u00eda<\/h3><label class='gfield_label' for='input_6_22'>Tipo de consultor\u00eda(Obligatorio)<\/label><select name='input_22' id='input_6_22' class='large gfield_select' tabindex='112'   aria-required=\"true\" aria-invalid=\"false\"><option value='1'>DE LA ESTANTER\u00cdA<\/option><option value='2'>BAJO DEMANDA<\/option><\/select><label class='gfield_label' for='input_6_17'>Objetivo(Obligatorio)<\/label><select name='input_17' id='input_6_17' class='large gfield_select' tabindex='113'   aria-required=\"true\" aria-invalid=\"false\"><option value='Identificaci\u00f3n del problema'>Identificaci\u00f3n del problema<\/option><option value='An\u00e1lisis de mercado'>An\u00e1lisis de mercado<\/option><\/select><label class='gfield_label' for='input_6_23'>Objetivo(Obligatorio)<\/label><select name='input_23' id='input_6_23' class='large gfield_select' tabindex='114'   aria-required=\"true\" aria-invalid=\"false\"><option value='Gest\u00e3o de Produto \/ Servi\u00e7o'>Gest\u00e3o de Produto \/ Servi\u00e7o<\/option><option value='Ger\u00eancia de Vendas'>Ger\u00eancia de Vendas<\/option><option value='Revis\u00e3o de Processos e Controles'>Revis\u00e3o de Processos e Controles<\/option><\/select><label class='gfield_label' for='input_6_18'>Modo de entrega(Obligatorio)<\/label><select name='input_18' id='input_6_18' class='large gfield_select' tabindex='115'   aria-required=\"true\" aria-invalid=\"false\"><option value='Remoto'>Remoto<\/option><\/select><label class='gfield_label' for='input_6_24'>Formato de contacto(Obligatorio)<\/label><select name='input_24' id='input_6_24' class='large gfield_select' tabindex='116'   aria-required=\"true\" aria-invalid=\"false\"><option value='E-mail'>E-mail<\/option><option value='WhatsApp'>WhatsApp<\/option><option value='ZOOM \/ Face Time \/ Teams'>ZOOM \/ Face Time \/ Teams<\/option><\/select><label class='gfield_label' for='input_6_25'>Data(Obligatorio)<\/label>\n                            <input name='input_25' id='input_6_25' type='text' value='' class='datepicker mdy datepicker_no_icon gdatepicker-no-icon' tabindex='117'  placeholder='mm\/dd\/aaaa' aria-describedby=\"input_6_25_date_format\" aria-invalid=\"false\" aria-required=\"true\"\/>\n                            MM barra DD barra AAAA\n                        <input type='hidden' id='gforms_calendar_icon_input_6_25' class='gform_hidden' value='https:\/\/www.deeptech.com.br\/wp-content\/plugins\/gravityforms\/images\/datepicker\/datepicker.svg'\/><fieldset id=\"field_6_26\"><legend class='gfield_label gfield_label_before_complex'>Hora(Obligatorio)<\/legend>\n                            <input type='text' maxlength='2' name='input_26[]' id='input_6_26_1' value='' tabindex='118'   placeholder='HH' aria-required='true'   \/> \n                            <label class='hour_label screen-reader-text' for='input_6_26_1'>Horas<\/label>\n                        :\n                            <input type='text' maxlength='2' name='input_26[]' id='input_6_26_2' value='' tabindex='119'   placeholder='MM' aria-required='true'  \/>\n                            <label class='minute_label screen-reader-text' for='input_6_26_2'>Minutos<\/label>\n                    <\/fieldset><label class='gfield_label' for='input_6_21'>Descripci\u00f3n(Obligatorio)<\/label><textarea name='input_21' id='input_6_21' class='textarea large' tabindex='121'    aria-required=\"true\" aria-invalid=\"false\"   rows='10' cols='50'><\/textarea>\n         <input type='submit' id='gform_submit_button_6' class='gform_button button' value='Enviar' tabindex='122' onclick='if(window[\"gf_submitting_6\"]){return false;}  window[\"gf_submitting_6\"]=true;  ' onkeypress='if( event.keyCode == 13 ){ if(window[\"gf_submitting_6\"]){return false;} window[\"gf_submitting_6\"]=true;  jQuery(\"#gform_6\").trigger(\"submit\",[true]); }' \/> <input type='hidden' name='gform_ajax' value='form_id=6&amp;title=1&amp;description=&amp;tabindex=100' \/>\n            <input type='hidden' class='gform_hidden' name='is_submit_6' value='1' \/>\n            <input type='hidden' class='gform_hidden' name='gform_submit' value='6' \/>\n            <input type='hidden' class='gform_hidden' name='gform_unique_id' value='' \/>\n            <input type='hidden' class='gform_hidden' name='state_6' value='WyJbXSIsIjIyM2ZhOTVhMDY0ZjEzYzI3MTEyM2UxN2ZmYTE1M2UzIl0=' \/>\n            <input type='hidden' class='gform_hidden' name='gform_target_page_number_6' id='gform_target_page_number_6' value='0' \/>\n            <input type='hidden' class='gform_hidden' name='gform_source_page_number_6' id='gform_source_page_number_6' value='1' \/>\n            <input type='hidden' name='gform_field_values' value='' \/>\n                        <\/form>\n                <iframe style='display:none;width:0px;height:0px;' src='about:blank' name='gform_ajax_frame_6' id='gform_ajax_frame_6' title='Este iframe contiene la l\u00f3gica necesaria para gestionar formularios con ajax activado.'><\/iframe>\n\n","protected":false},"excerpt":{"rendered":"<p>Formulario para Consultor\u00eda Empresa Nombre(Obligatorio) Suscripci\u00f3n(Obligatorio)Direcci\u00f3n(Obligatorio) C\u00f3digo PostalEstado(Obligatorio)Acre (AC)Alagoas (AL)Amap\u00e1 (AP)Amazonas (AM)Bahia (BA)Cear\u00e1 (CE)Distrito Federal (DF)Esp\u00edrito Santo (ES)Goi\u00e1s (GO)Maranh\u00e3o (MA)Mato Grosso (MT)Mato Grosso do Sul (MS)Minas Gerais (MG)Par\u00e1 (PA)Para\u00edba (PB)Paran\u00e1 (PR)Pernambuco (PE)Piau\u00ed (PI)Rio de Janeiro (RJ)Rio Grande do Norte (RN)Rio Grande do Sul (RS)Rond\u00f4nia (RO)Roraima (RR)Santa Catarina (SC)S\u00e3o Paulo (SP)Sergipe (SE)Tocantins (TO)OutroPa\u00eds(Obligatorio)BrasilPortugalAngolaMo\u00e7ambiqueCabo VerdeOutros Solicitante Nombre(Obligatorio)&hellip;<\/p>\n","protected":false},"author":1,"featured_media":0,"parent":0,"menu_order":0,"comment_status":"closed","ping_status":"closed","template":"","meta":{"footnotes":""},"class_list":["post-3396","page","type-page","status-publish","hentry"],"_links":{"self":[{"href":"https:\/\/www.deeptech.com.br\/es\/wp-json\/wp\/v2\/pages\/3396","targetHints":{"allow":["GET"]}}],"collection":[{"href":"https:\/\/www.deeptech.com.br\/es\/wp-json\/wp\/v2\/pages"}],"about":[{"href":"https:\/\/www.deeptech.com.br\/es\/wp-json\/wp\/v2\/types\/page"}],"author":[{"embeddable":true,"href":"https:\/\/www.deeptech.com.br\/es\/wp-json\/wp\/v2\/users\/1"}],"replies":[{"embeddable":true,"href":"https:\/\/www.deeptech.com.br\/es\/wp-json\/wp\/v2\/comments?post=3396"}],"version-history":[{"count":6,"href":"https:\/\/www.deeptech.com.br\/es\/wp-json\/wp\/v2\/pages\/3396\/revisions"}],"predecessor-version":[{"id":3418,"href":"https:\/\/www.deeptech.com.br\/es\/wp-json\/wp\/v2\/pages\/3396\/revisions\/3418"}],"wp:attachment":[{"href":"https:\/\/www.deeptech.com.br\/es\/wp-json\/wp\/v2\/media?parent=3396"}],"curies":[{"name":"wp","href":"https:\/\/api.w.org\/{rel}","templated":true}]}}