{"id":3426,"date":"2021-08-23T13:23:02","date_gmt":"2021-08-23T16:23:02","guid":{"rendered":"https:\/\/www.deeptech.com.br\/ead\/"},"modified":"2022-07-04T10:56:31","modified_gmt":"2022-07-04T13:56:31","slug":"ead","status":"publish","type":"page","link":"https:\/\/www.deeptech.com.br\/es\/ead\/","title":{"rendered":"EAD"},"content":{"rendered":"\n\n\t<h1>\u00a1Noticias pronto!<\/h1>\n<h3>Espere<\/h3>\n\t\t\t<div class=\"fl-builder-content fl-builder-content-4335 fl-builder-template fl-builder-row-template fl-builder-global-templates-locked\" data-post-id=\"4335\"><div class=\"fl-row fl-row-fixed-width fl-row-bg-none fl-node-yf5q1r4oa8ij fl-row-default-height fl-row-align-center\" data-node=\"yf5q1r4oa8ij\">\n\t<div class=\"fl-row-content-wrap\">\n\t\t<div class=\"uabb-row-separator uabb-top-row-separator\" >\n<\/div>\n\t\t\t\t\t\t<div class=\"fl-row-content fl-row-fixed-width fl-node-content\">\n\t\t\n<div class=\"fl-col-group fl-node-24qca0157zds\" data-node=\"24qca0157zds\">\n\t\t\t<div class=\"fl-col fl-node-xbl20espvkch fl-col-bg-color\" data-node=\"xbl20espvkch\">\n\t<div class=\"fl-col-content fl-node-content\"><div class=\"fl-module fl-module-pp-infobox fl-node-3c2hqjei9o5n\" data-node=\"3c2hqjei9o5n\">\n\t<div class=\"fl-module-content fl-node-content\">\n\t\t<div class=\"pp-infobox-wrap\">\n\t<div class=\"pp-infobox layout-5\">\n\t<div class=\"pp-icon-wrapper animated\">\n\t\t\t\t<\/div>\n\t\t\n\t\t<div class=\"pp-infobox-title-wrapper\">\n\t\t\t\t\t\t<h4 class=\"pp-infobox-title\"><\/h4>\t\t\t\t\t<\/div>\n\t\t\n\t<div class=\"pp-infobox-description\">\n\t\t<div class=\"pp-description-wrap\">\n\t\t\t<p>Uno de los objetivos de DeepTech es promover la comunidad profesional a trav\u00e9s del intercambio de conocimientos. Nuestra plataforma de ense\u00f1anza a distancia est\u00e1 abierta a la comunidad para publicar contenido educativo. Si est\u00e1 interesado en publicar un art\u00edculo en nuestra plataforma, seleccione el bot\u00f3n a continuaci\u00f3n para enviar su solicitud.<\/p>\t\t<\/div>\n\t\t\t\t\t<div class=\"pp-infobox-button pp-button-wrap\">\n\t\t\t\t<a class=\"pp-more-link pp-button\" href=\"https:\/\/www.deeptech.com.br\/es\/formulario-para-envio-de-material\/\" role=\"button\" target=\"_self\">\n\t\t\t\t\t\t\t\t\t\t<span>Enviar petici\u00f3n<\/span>\n\t\t\t\t\t\t\t\t\t<\/a>\n\t\t\t<\/div>\n\t\t\t\t<\/div>\n<\/div><\/div>\n\t<\/div>\n<\/div>\n<\/div>\n<\/div>\n\t<\/div>\n\t\t<\/div>\n\t<\/div>\n<\/div>\n<\/div><div class=\"uabb-js-breakpoint\" style=\"display: none;\"><\/div>\t\t\t\n\t\t\t<a href=\"void(0)\" target=\"_self\" aria-label=\"Quiero enviar un curso\" rel=\"noopener\">\n\t\t\t\t\t\t\tQuiero enviar un curso\n\t\t<\/a>\n\n","protected":false},"excerpt":{"rendered":"<p>\u00a1Noticias pronto! Espere Quiero enviar un curso<\/p>\n","protected":false},"author":1,"featured_media":0,"parent":0,"menu_order":0,"comment_status":"closed","ping_status":"closed","template":"","meta":{"footnotes":""},"class_list":["post-3426","page","type-page","status-publish","hentry"],"_links":{"self":[{"href":"https:\/\/www.deeptech.com.br\/es\/wp-json\/wp\/v2\/pages\/3426","targetHints":{"allow":["GET"]}}],"collection":[{"href":"https:\/\/www.deeptech.com.br\/es\/wp-json\/wp\/v2\/pages"}],"about":[{"href":"https:\/\/www.deeptech.com.br\/es\/wp-json\/wp\/v2\/types\/page"}],"author":[{"embeddable":true,"href":"https:\/\/www.deeptech.com.br\/es\/wp-json\/wp\/v2\/users\/1"}],"replies":[{"embeddable":true,"href":"https:\/\/www.deeptech.com.br\/es\/wp-json\/wp\/v2\/comments?post=3426"}],"version-history":[{"count":7,"href":"https:\/\/www.deeptech.com.br\/es\/wp-json\/wp\/v2\/pages\/3426\/revisions"}],"predecessor-version":[{"id":4358,"href":"https:\/\/www.deeptech.com.br\/es\/wp-json\/wp\/v2\/pages\/3426\/revisions\/4358"}],"wp:attachment":[{"href":"https:\/\/www.deeptech.com.br\/es\/wp-json\/wp\/v2\/media?parent=3426"}],"curies":[{"name":"wp","href":"https:\/\/api.w.org\/{rel}","templated":true}]}}