{"id":3559,"date":"2021-09-23T15:42:47","date_gmt":"2021-09-23T18:42:47","guid":{"rendered":"https:\/\/www.deeptech.com.br\/formulario-para-envio-de-material\/"},"modified":"2021-09-24T09:11:48","modified_gmt":"2021-09-24T12:11:48","slug":"formulario-para-envio-de-material","status":"publish","type":"page","link":"https:\/\/www.deeptech.com.br\/es\/formulario-para-envio-de-material\/","title":{"rendered":"Formulario para env\u00edo de material"},"content":{"rendered":"\n\n                            <h2>Formulario para env\u00edo de material<\/h2>\n                        <form method='post' enctype='multipart\/form-data' target='gform_ajax_frame_9' id='gform_9'  action='\/deeptech\/es\/?page_id=3559&#038;fl_builder#gf_9'>\n                        <h3>Solicitante<\/h3><fieldset id=\"field_9_28\"><legend class='gfield_label'>Documento(Obligatorio)<\/legend>\n\t\t\t\t\t<input class='gfield-choice-input' name='input_28' type='radio' value='cpf' checked='checked' id='choice_9_28_0' onchange='gformToggleRadioOther( this )'  tabindex='100'  \/>\n\t\t\t\t\t<label for='choice_9_28_0' id='label_9_28_0'>CPF<\/label>\n\t\t\t\t\t<input class='gfield-choice-input' name='input_28' type='radio' value='cnpj'  id='choice_9_28_1' onchange='gformToggleRadioOther( this )'  tabindex='101'  \/>\n\t\t\t\t\t<label for='choice_9_28_1' id='label_9_28_1'>CNPJ<\/label>\n\t\t\t<\/fieldset><label class='gfield_label' for='input_9_29'>CPF(Obligatorio)<\/label><input name='input_29' id='input_9_29' type='text' value='' class='large'   tabindex='102'  aria-required=\"true\" aria-invalid=\"false\"   \/> <label class='gfield_label' for='input_9_30'>CNPJ(Obligatorio)<\/label><input name='input_30' id='input_9_30' type='text' value='' class='large'   tabindex='103'  aria-required=\"true\" aria-invalid=\"false\"   \/> <label class='gfield_label' for='input_9_11'>Nombre(Obligatorio)<\/label><input name='input_11' id='input_9_11' type='text' value='' class='large'   tabindex='104'  aria-required=\"true\" aria-invalid=\"false\"   \/> <label class='gfield_label' for='input_9_13'>E-mail(Obligatorio)<\/label>\n                            <input name='input_13' id='input_9_13' type='text' value='' class='large' tabindex='105'   aria-required=\"true\" aria-invalid=\"false\"  \/>\n                        <label class='gfield_label' for='input_9_14'>Tel\u00e9fono(Obligatorio)<\/label><input name='input_14' id='input_9_14' type='text' value='' class='large' tabindex='106'  aria-required=\"true\" aria-invalid=\"false\"   \/><label class='gfield_label' for='input_9_15'>Celular(Obligatorio)<\/label><input name='input_15' id='input_9_15' type='text' value='' class='large' tabindex='107'  aria-required=\"true\" aria-invalid=\"false\"   \/><label class='gfield_label' for='input_9_10'>Empresa(Obligatorio)<\/label><input name='input_10' id='input_9_10' type='text' value='' class='large'   tabindex='108'  aria-required=\"true\" aria-invalid=\"false\"   \/> <label class='gfield_label' for='input_9_12'>Puesto de trabajo(Obligatorio)<\/label><input name='input_12' id='input_9_12' type='text' value='' class='large'   tabindex='109'  aria-required=\"true\" aria-invalid=\"false\"   \/> <h3>Material<\/h3><label class='gfield_label' for='input_9_34'>Enviar material a trav\u00e9s de Drive(Obligatorio)<\/label><input name='input_34' id='input_9_34' type='text' value='' class='large'   tabindex='110' placeholder='Link del Drive' aria-required=\"true\" aria-invalid=\"false\"   \/> <label class='gfield_label' for='input_9_21'>Descripc\u00edon(Obligatorio)<\/label><textarea name='input_21' id='input_9_21' class='textarea large' tabindex='111'    aria-required=\"true\" aria-invalid=\"false\"   rows='10' cols='50'><\/textarea>\n         <input type='submit' id='gform_submit_button_9' class='gform_button button' value='Enviar' tabindex='112' onclick='if(window[\"gf_submitting_9\"]){return false;}  window[\"gf_submitting_9\"]=true;  ' onkeypress='if( event.keyCode == 13 ){ if(window[\"gf_submitting_9\"]){return false;} window[\"gf_submitting_9\"]=true;  jQuery(\"#gform_9\").trigger(\"submit\",[true]); }' \/> <input type='hidden' name='gform_ajax' value='form_id=9&amp;title=1&amp;description=&amp;tabindex=100' \/>\n            <input type='hidden' class='gform_hidden' name='is_submit_9' value='1' \/>\n            <input type='hidden' class='gform_hidden' name='gform_submit' value='9' \/>\n            <input type='hidden' class='gform_hidden' name='gform_unique_id' value='' \/>\n            <input type='hidden' class='gform_hidden' name='state_9' value='WyJbXSIsIjIyM2ZhOTVhMDY0ZjEzYzI3MTEyM2UxN2ZmYTE1M2UzIl0=' \/>\n            <input type='hidden' class='gform_hidden' name='gform_target_page_number_9' id='gform_target_page_number_9' value='0' \/>\n            <input type='hidden' class='gform_hidden' name='gform_source_page_number_9' id='gform_source_page_number_9' value='1' \/>\n            <input type='hidden' name='gform_field_values' value='' \/>\n                        <\/form>\n                <iframe style='display:none;width:0px;height:0px;' src='about:blank' name='gform_ajax_frame_9' id='gform_ajax_frame_9' title='Este iframe contiene la l\u00f3gica necesaria para gestionar formularios con ajax activado.'><\/iframe>\n\n","protected":false},"excerpt":{"rendered":"<p>Formulario para env\u00edo de material Solicitante Documento(Obligatorio) CPF CNPJ CPF(Obligatorio) CNPJ(Obligatorio) Nombre(Obligatorio) E-mail(Obligatorio) Tel\u00e9fono(Obligatorio)Celular(Obligatorio)Empresa(Obligatorio) Puesto de trabajo(Obligatorio) Material Enviar material a trav\u00e9s de Drive(Obligatorio) Descripc\u00edon(Obligatorio)<\/p>\n","protected":false},"author":1,"featured_media":0,"parent":0,"menu_order":0,"comment_status":"closed","ping_status":"closed","template":"","meta":{"footnotes":""},"class_list":["post-3559","page","type-page","status-publish","hentry"],"_links":{"self":[{"href":"https:\/\/www.deeptech.com.br\/es\/wp-json\/wp\/v2\/pages\/3559","targetHints":{"allow":["GET"]}}],"collection":[{"href":"https:\/\/www.deeptech.com.br\/es\/wp-json\/wp\/v2\/pages"}],"about":[{"href":"https:\/\/www.deeptech.com.br\/es\/wp-json\/wp\/v2\/types\/page"}],"author":[{"embeddable":true,"href":"https:\/\/www.deeptech.com.br\/es\/wp-json\/wp\/v2\/users\/1"}],"replies":[{"embeddable":true,"href":"https:\/\/www.deeptech.com.br\/es\/wp-json\/wp\/v2\/comments?post=3559"}],"version-history":[{"count":2,"href":"https:\/\/www.deeptech.com.br\/es\/wp-json\/wp\/v2\/pages\/3559\/revisions"}],"predecessor-version":[{"id":3629,"href":"https:\/\/www.deeptech.com.br\/es\/wp-json\/wp\/v2\/pages\/3559\/revisions\/3629"}],"wp:attachment":[{"href":"https:\/\/www.deeptech.com.br\/es\/wp-json\/wp\/v2\/media?parent=3559"}],"curies":[{"name":"wp","href":"https:\/\/api.w.org\/{rel}","templated":true}]}}